{"id":587,"date":"2024-04-17T09:55:07","date_gmt":"2024-04-17T07:55:07","guid":{"rendered":"https:\/\/www.silviapaneque.com\/parlament\/?page_id=587"},"modified":"2024-04-25T13:48:52","modified_gmt":"2024-04-25T11:48:52","slug":"actualitat-2","status":"publish","type":"page","link":"https:\/\/www.silviapaneque.com\/parlament\/actualitat-2\/","title":{"rendered":"ACTUALITAT"},"content":{"rendered":"\t\t<div data-elementor-type=\"wp-page\" data-elementor-id=\"587\" class=\"elementor elementor-587\" data-elementor-settings=\"[]\">\n\t\t\t\t\t\t<div class=\"elementor-inner\">\n\t\t\t\t\t\t\t<div class=\"elementor-section-wrap\">\n\t\t\t\t\t\t\t<section data-particle_enable=\"false\" data-particle-mobile-disabled=\"false\" class=\"elementor-section elementor-top-section elementor-element elementor-element-270c7d3 elementor-section-boxed elementor-section-height-default elementor-section-height-default elementor-invisible\" data-id=\"270c7d3\" data-element_type=\"section\" data-settings=\"{&quot;animation&quot;:&quot;fadeInUp&quot;}\">\n\t\t\t\t\t\t<div class=\"elementor-container elementor-column-gap-default\">\n\t\t\t\t\t\t\t<div class=\"elementor-row\">\n\t\t\t\t\t<div class=\"elementor-column elementor-col-100 elementor-top-column elementor-element elementor-element-e1b4e19\" data-id=\"e1b4e19\" data-element_type=\"column\">\n\t\t\t<div class=\"elementor-column-wrap elementor-element-populated\">\n\t\t\t\t\t\t\t<div class=\"elementor-widget-wrap\">\n\t\t\t\t\t\t<div class=\"elementor-element elementor-element-d4afb92 elementor-invisible elementor-widget elementor-widget-text-editor\" data-id=\"d4afb92\" data-element_type=\"widget\" data-settings=\"{&quot;_animation&quot;:&quot;fadeInUp&quot;}\" data-widget_type=\"text-editor.default\">\n\t\t\t\t<div class=\"elementor-widget-container\">\n\t\t\t\t\t<div class=\"elementor-text-editor elementor-clearfix\"><p>Actualitat<\/p><\/div>\n\t\t\t\t<\/div>\n\t\t\t\t<\/div>\n\t\t\t\t<div class=\"elementor-element elementor-element-773b7d2 elementor-widget-divider--view-line elementor-widget elementor-widget-divider\" data-id=\"773b7d2\" data-element_type=\"widget\" data-widget_type=\"divider.default\">\n\t\t\t\t<div class=\"elementor-widget-container\">\n\t\t\t\t\t<div class=\"elementor-divider\">\n\t\t\t<span class=\"elementor-divider-separator\">\n\t\t\t\t\t\t<\/span>\n\t\t<\/div>\n\t\t\t\t<\/div>\n\t\t\t\t<\/div>\n\t\t\t\t<div class=\"elementor-element elementor-element-5c870e3 elementor-grid-2 elementor-posts__hover-none elementor-grid-tablet-2 elementor-grid-mobile-1 elementor-posts--thumbnail-top elementor-card-shadow-yes elementor-widget elementor-widget-posts\" data-id=\"5c870e3\" data-element_type=\"widget\" data-settings=\"{&quot;cards_columns&quot;:&quot;2&quot;,&quot;cards_columns_tablet&quot;:&quot;2&quot;,&quot;cards_columns_mobile&quot;:&quot;1&quot;,&quot;cards_row_gap&quot;:{&quot;unit&quot;:&quot;px&quot;,&quot;size&quot;:35,&quot;sizes&quot;:[]}}\" data-widget_type=\"posts.cards\">\n\t\t\t\t<div class=\"elementor-widget-container\">\n\t\t\t\t\t<div class=\"elementor-posts-container elementor-posts elementor-posts--skin-cards elementor-grid\">\n\t\t\t\t<article class=\"elementor-post elementor-grid-item post-836 post type-post status-publish format-standard has-post-thumbnail hentry category-parlament\">\n\t\t\t<div class=\"elementor-post__card\">\n\t\t\t\t<a class=\"elementor-post__thumbnail__link\" href=\"https:\/\/www.silviapaneque.com\/parlament\/2024\/04\/25\/el-psc-es-compromet-a-revitalitzar-lesport-gironi-amb-millores-en-installacions-i-legislatives\/\" >\n\t\t\t<div class=\"elementor-post__thumbnail\"><img width=\"1200\" height=\"1600\" src=\"https:\/\/www.silviapaneque.com\/parlament\/wp-content\/uploads\/2024\/04\/Silvia-Paneque-i-Marc-Lamua-visitant-les-installacions-del-GEiEG.jpeg\" class=\"attachment-full size-full\" alt=\"\" loading=\"lazy\" srcset=\"https:\/\/www.silviapaneque.com\/parlament\/wp-content\/uploads\/2024\/04\/Silvia-Paneque-i-Marc-Lamua-visitant-les-installacions-del-GEiEG.jpeg 1200w, https:\/\/www.silviapaneque.com\/parlament\/wp-content\/uploads\/2024\/04\/Silvia-Paneque-i-Marc-Lamua-visitant-les-installacions-del-GEiEG-225x300.jpeg 225w, https:\/\/www.silviapaneque.com\/parlament\/wp-content\/uploads\/2024\/04\/Silvia-Paneque-i-Marc-Lamua-visitant-les-installacions-del-GEiEG-768x1024.jpeg 768w, https:\/\/www.silviapaneque.com\/parlament\/wp-content\/uploads\/2024\/04\/Silvia-Paneque-i-Marc-Lamua-visitant-les-installacions-del-GEiEG-1152x1536.jpeg 1152w\" sizes=\"(max-width: 1200px) 100vw, 1200px\" \/><\/div>\n\t\t<\/a>\n\t\t\t\t<div class=\"elementor-post__badge\">Parlament<\/div>\n\t\t\t\t<div class=\"elementor-post__text\">\n\t\t\t\t<h3 class=\"elementor-post__title\">\n\t\t\t<a href=\"https:\/\/www.silviapaneque.com\/parlament\/2024\/04\/25\/el-psc-es-compromet-a-revitalitzar-lesport-gironi-amb-millores-en-installacions-i-legislatives\/\" >\n\t\t\t\tEl PSC es compromet a revitalitzar l\u2019esport giron\u00ed amb millores en instal\u00b7lacions i legislatives\t\t\t<\/a>\n\t\t<\/h3>\n\t\t\t\t<div class=\"elementor-post__excerpt\">\n\t\t\t<p>La cap de llista dels socialistes, S\u00edlvia Paneque, ha situat com a prioritat la millora de les instal\u00b7lacions esportives gironines S\u00edlvia Paneque, cap de llista<\/p>\n\t\t<\/div>\n\t\t\t\t\t<a class=\"elementor-post__read-more\" href=\"https:\/\/www.silviapaneque.com\/parlament\/2024\/04\/25\/el-psc-es-compromet-a-revitalitzar-lesport-gironi-amb-millores-en-installacions-i-legislatives\/\" >\n\t\t\t\t Llegir m\u00e9s\t\t\t<\/a>\n\t\t\t\t<\/div>\n\t\t\t\t<div class=\"elementor-post__meta-data\">\n\t\t\t\t\t<span class=\"elementor-post-date\">\n\t\t\t25 d'abril de 2024\t\t<\/span>\n\t\t\t\t<\/div>\n\t\t\t\t\t<\/div>\n\t\t<\/article>\n\t\t\t\t<article class=\"elementor-post elementor-grid-item post-832 post type-post status-publish format-standard has-post-thumbnail hentry category-parlament\">\n\t\t\t<div class=\"elementor-post__card\">\n\t\t\t\t<a class=\"elementor-post__thumbnail__link\" href=\"https:\/\/www.silviapaneque.com\/parlament\/2024\/04\/22\/silvia-paneque-el-nostre-compromis-amb-les-variants-de-les-preses-i-olot-es-ferm\/\" >\n\t\t\t<div class=\"elementor-post__thumbnail\"><img width=\"1030\" height=\"773\" src=\"https:\/\/www.silviapaneque.com\/parlament\/wp-content\/uploads\/2024\/04\/Compromis-variant-olot-preses.jpeg\" class=\"attachment-full size-full\" alt=\"\" loading=\"lazy\" srcset=\"https:\/\/www.silviapaneque.com\/parlament\/wp-content\/uploads\/2024\/04\/Compromis-variant-olot-preses.jpeg 1030w, https:\/\/www.silviapaneque.com\/parlament\/wp-content\/uploads\/2024\/04\/Compromis-variant-olot-preses-300x225.jpeg 300w, https:\/\/www.silviapaneque.com\/parlament\/wp-content\/uploads\/2024\/04\/Compromis-variant-olot-preses-1024x768.jpeg 1024w, https:\/\/www.silviapaneque.com\/parlament\/wp-content\/uploads\/2024\/04\/Compromis-variant-olot-preses-768x576.jpeg 768w\" sizes=\"(max-width: 1030px) 100vw, 1030px\" \/><\/div>\n\t\t<\/a>\n\t\t\t\t<div class=\"elementor-post__badge\">Parlament<\/div>\n\t\t\t\t<div class=\"elementor-post__text\">\n\t\t\t\t<h3 class=\"elementor-post__title\">\n\t\t\t<a href=\"https:\/\/www.silviapaneque.com\/parlament\/2024\/04\/22\/silvia-paneque-el-nostre-compromis-amb-les-variants-de-les-preses-i-olot-es-ferm\/\" >\n\t\t\t\tS\u00edlvia Paneque: \u201cEl nostre comprom\u00eds amb les variants de Les Preses i Olot \u00e9s ferm\u201d\t\t\t<\/a>\n\t\t<\/h3>\n\t\t\t\t<div class=\"elementor-post__excerpt\">\n\t\t\t<p>La cap de llista socialista i V\u00edctor Puga s\u2019han reunit el teixit social i econ\u00f2mic d\u2019Olot al llarg de tota la jornada La cap de<\/p>\n\t\t<\/div>\n\t\t\t\t\t<a class=\"elementor-post__read-more\" href=\"https:\/\/www.silviapaneque.com\/parlament\/2024\/04\/22\/silvia-paneque-el-nostre-compromis-amb-les-variants-de-les-preses-i-olot-es-ferm\/\" >\n\t\t\t\t Llegir m\u00e9s\t\t\t<\/a>\n\t\t\t\t<\/div>\n\t\t\t\t<div class=\"elementor-post__meta-data\">\n\t\t\t\t\t<span class=\"elementor-post-date\">\n\t\t\t22 d'abril de 2024\t\t<\/span>\n\t\t\t\t<\/div>\n\t\t\t\t\t<\/div>\n\t\t<\/article>\n\t\t\t\t<article class=\"elementor-post elementor-grid-item post-828 post type-post status-publish format-standard has-post-thumbnail hentry category-parlament\">\n\t\t\t<div class=\"elementor-post__card\">\n\t\t\t\t<a class=\"elementor-post__thumbnail__link\" href=\"https:\/\/www.silviapaneque.com\/parlament\/2024\/04\/21\/el-psc-vol-mes-recursos-infraestructures-i-reforc-de-la-seguretat-als-municipis-costaners-durant-lepoca-estival\/\" >\n\t\t\t<div class=\"elementor-post__thumbnail\"><img width=\"1030\" height=\"687\" src=\"https:\/\/www.silviapaneque.com\/parlament\/wp-content\/uploads\/2024\/04\/Municipis-costaners-epoca-estival.jpeg\" class=\"attachment-full size-full\" alt=\"\" loading=\"lazy\" srcset=\"https:\/\/www.silviapaneque.com\/parlament\/wp-content\/uploads\/2024\/04\/Municipis-costaners-epoca-estival.jpeg 1030w, https:\/\/www.silviapaneque.com\/parlament\/wp-content\/uploads\/2024\/04\/Municipis-costaners-epoca-estival-300x200.jpeg 300w, https:\/\/www.silviapaneque.com\/parlament\/wp-content\/uploads\/2024\/04\/Municipis-costaners-epoca-estival-1024x683.jpeg 1024w, https:\/\/www.silviapaneque.com\/parlament\/wp-content\/uploads\/2024\/04\/Municipis-costaners-epoca-estival-768x512.jpeg 768w, https:\/\/www.silviapaneque.com\/parlament\/wp-content\/uploads\/2024\/04\/Municipis-costaners-epoca-estival-930x620.jpeg 930w\" sizes=\"(max-width: 1030px) 100vw, 1030px\" \/><\/div>\n\t\t<\/a>\n\t\t\t\t<div class=\"elementor-post__badge\">Parlament<\/div>\n\t\t\t\t<div class=\"elementor-post__text\">\n\t\t\t\t<h3 class=\"elementor-post__title\">\n\t\t\t<a href=\"https:\/\/www.silviapaneque.com\/parlament\/2024\/04\/21\/el-psc-vol-mes-recursos-infraestructures-i-reforc-de-la-seguretat-als-municipis-costaners-durant-lepoca-estival\/\" >\n\t\t\t\tEl PSC vol m\u00e9s recursos, infraestructures i refor\u00e7 de la seguretat als municipis costaners durant l\u2019\u00e8poca estival\t\t\t<\/a>\n\t\t<\/h3>\n\t\t\t\t<div class=\"elementor-post__excerpt\">\n\t\t\t<p>El candidat socialista, V\u00edctor Puga ha presentat algunes de les mesures en seguretat a la demarcaci\u00f3 com la millora dels recursos dels mossos d\u2019esquadra a<\/p>\n\t\t<\/div>\n\t\t\t\t\t<a class=\"elementor-post__read-more\" href=\"https:\/\/www.silviapaneque.com\/parlament\/2024\/04\/21\/el-psc-vol-mes-recursos-infraestructures-i-reforc-de-la-seguretat-als-municipis-costaners-durant-lepoca-estival\/\" >\n\t\t\t\t Llegir m\u00e9s\t\t\t<\/a>\n\t\t\t\t<\/div>\n\t\t\t\t<div class=\"elementor-post__meta-data\">\n\t\t\t\t\t<span class=\"elementor-post-date\">\n\t\t\t21 d'abril de 2024\t\t<\/span>\n\t\t\t\t<\/div>\n\t\t\t\t\t<\/div>\n\t\t<\/article>\n\t\t\t\t<article class=\"elementor-post elementor-grid-item post-824 post type-post status-publish format-standard has-post-thumbnail hentry category-parlament\">\n\t\t\t<div class=\"elementor-post__card\">\n\t\t\t\t<a class=\"elementor-post__thumbnail__link\" href=\"https:\/\/www.silviapaneque.com\/parlament\/2024\/04\/19\/infraestructures-habitatge-i-ocupacio-prioritats-del-psc-per-al-ripolles\/\" >\n\t\t\t<div class=\"elementor-post__thumbnail\"><img width=\"1030\" height=\"773\" src=\"https:\/\/www.silviapaneque.com\/parlament\/wp-content\/uploads\/2024\/04\/Silvia-Paneque-al-mercat-de-Ripoll-aquest-mati-1030x773-1.jpeg\" class=\"attachment-full size-full\" alt=\"\" loading=\"lazy\" srcset=\"https:\/\/www.silviapaneque.com\/parlament\/wp-content\/uploads\/2024\/04\/Silvia-Paneque-al-mercat-de-Ripoll-aquest-mati-1030x773-1.jpeg 1030w, https:\/\/www.silviapaneque.com\/parlament\/wp-content\/uploads\/2024\/04\/Silvia-Paneque-al-mercat-de-Ripoll-aquest-mati-1030x773-1-300x225.jpeg 300w, https:\/\/www.silviapaneque.com\/parlament\/wp-content\/uploads\/2024\/04\/Silvia-Paneque-al-mercat-de-Ripoll-aquest-mati-1030x773-1-1024x768.jpeg 1024w, https:\/\/www.silviapaneque.com\/parlament\/wp-content\/uploads\/2024\/04\/Silvia-Paneque-al-mercat-de-Ripoll-aquest-mati-1030x773-1-768x576.jpeg 768w\" sizes=\"(max-width: 1030px) 100vw, 1030px\" \/><\/div>\n\t\t<\/a>\n\t\t\t\t<div class=\"elementor-post__badge\">Parlament<\/div>\n\t\t\t\t<div class=\"elementor-post__text\">\n\t\t\t\t<h3 class=\"elementor-post__title\">\n\t\t\t<a href=\"https:\/\/www.silviapaneque.com\/parlament\/2024\/04\/19\/infraestructures-habitatge-i-ocupacio-prioritats-del-psc-per-al-ripolles\/\" >\n\t\t\t\tInfraestructures, habitatge i ocupaci\u00f3 prioritats del PSC per al Ripoll\u00e8s\t\t\t<\/a>\n\t\t<\/h3>\n\t\t\t\t<div class=\"elementor-post__excerpt\">\n\t\t\t<p>La cap de llista dels socialistes, S\u00edlvia Paneque, ha explicat que el desdoblament i modernitzaci\u00f3 de l\u2019R3, la construcci\u00f3 de la variant de la N-260<\/p>\n\t\t<\/div>\n\t\t\t\t\t<a class=\"elementor-post__read-more\" href=\"https:\/\/www.silviapaneque.com\/parlament\/2024\/04\/19\/infraestructures-habitatge-i-ocupacio-prioritats-del-psc-per-al-ripolles\/\" >\n\t\t\t\t Llegir m\u00e9s\t\t\t<\/a>\n\t\t\t\t<\/div>\n\t\t\t\t<div class=\"elementor-post__meta-data\">\n\t\t\t\t\t<span class=\"elementor-post-date\">\n\t\t\t19 d'abril de 2024\t\t<\/span>\n\t\t\t\t<\/div>\n\t\t\t\t\t<\/div>\n\t\t<\/article>\n\t\t\t\t<article class=\"elementor-post elementor-grid-item post-718 post type-post status-publish format-standard has-post-thumbnail hentry category-parlament\">\n\t\t\t<div class=\"elementor-post__card\">\n\t\t\t\t<a class=\"elementor-post__thumbnail__link\" href=\"https:\/\/www.silviapaneque.com\/parlament\/2024\/04\/17\/silvia-paneque-tornara-a-ser-la-cap-de-llista-del-psc-per-girona-a-les-eleccions-al-parlament-del-12-de-maig\/\" >\n\t\t\t<div class=\"elementor-post__thumbnail\"><img width=\"1030\" height=\"687\" src=\"https:\/\/www.silviapaneque.com\/parlament\/wp-content\/uploads\/2024\/04\/WhatsApp-Image-2024-04-05-at-13.04.08-1030x687-1.jpg\" class=\"attachment-full size-full\" alt=\"\" loading=\"lazy\" srcset=\"https:\/\/www.silviapaneque.com\/parlament\/wp-content\/uploads\/2024\/04\/WhatsApp-Image-2024-04-05-at-13.04.08-1030x687-1.jpg 1030w, https:\/\/www.silviapaneque.com\/parlament\/wp-content\/uploads\/2024\/04\/WhatsApp-Image-2024-04-05-at-13.04.08-1030x687-1-300x200.jpg 300w, https:\/\/www.silviapaneque.com\/parlament\/wp-content\/uploads\/2024\/04\/WhatsApp-Image-2024-04-05-at-13.04.08-1030x687-1-1024x683.jpg 1024w, https:\/\/www.silviapaneque.com\/parlament\/wp-content\/uploads\/2024\/04\/WhatsApp-Image-2024-04-05-at-13.04.08-1030x687-1-768x512.jpg 768w, https:\/\/www.silviapaneque.com\/parlament\/wp-content\/uploads\/2024\/04\/WhatsApp-Image-2024-04-05-at-13.04.08-1030x687-1-930x620.jpg 930w\" sizes=\"(max-width: 1030px) 100vw, 1030px\" \/><\/div>\n\t\t<\/a>\n\t\t\t\t<div class=\"elementor-post__badge\">Parlament<\/div>\n\t\t\t\t<div class=\"elementor-post__text\">\n\t\t\t\t<h3 class=\"elementor-post__title\">\n\t\t\t<a href=\"https:\/\/www.silviapaneque.com\/parlament\/2024\/04\/17\/silvia-paneque-tornara-a-ser-la-cap-de-llista-del-psc-per-girona-a-les-eleccions-al-parlament-del-12-de-maig\/\" >\n\t\t\t\tS\u00edlvia Paneque tornar\u00e0 a ser la cap de llista del PSC per Girona a les eleccions al Parlament del 12 de maig\t\t\t<\/a>\n\t\t<\/h3>\n\t\t\t\t<div class=\"elementor-post__excerpt\">\n\t\t\t<p>L\u2019exalcalde de l\u2019Escala V\u00edctor Puga ser\u00e0 el n\u00famero dos de la candidatura socialista; M\u00f2nica R\u00edos repeteix com a tercera candidata, mentre que pel quart i<\/p>\n\t\t<\/div>\n\t\t\t\t\t<a class=\"elementor-post__read-more\" href=\"https:\/\/www.silviapaneque.com\/parlament\/2024\/04\/17\/silvia-paneque-tornara-a-ser-la-cap-de-llista-del-psc-per-girona-a-les-eleccions-al-parlament-del-12-de-maig\/\" >\n\t\t\t\t Llegir m\u00e9s\t\t\t<\/a>\n\t\t\t\t<\/div>\n\t\t\t\t<div class=\"elementor-post__meta-data\">\n\t\t\t\t\t<span class=\"elementor-post-date\">\n\t\t\t17 d'abril de 2024\t\t<\/span>\n\t\t\t\t<\/div>\n\t\t\t\t\t<\/div>\n\t\t<\/article>\n\t\t\t\t<article class=\"elementor-post elementor-grid-item post-713 post type-post status-publish format-standard has-post-thumbnail hentry category-parlament\">\n\t\t\t<div class=\"elementor-post__card\">\n\t\t\t\t<a class=\"elementor-post__thumbnail__link\" href=\"https:\/\/www.silviapaneque.com\/parlament\/2024\/04\/17\/paneque-i-puga-expliquen-els-projectes-estrategics-per-a-la-demarcacio\/\" >\n\t\t\t<div class=\"elementor-post__thumbnail\"><img width=\"1600\" height=\"1070\" src=\"https:\/\/www.silviapaneque.com\/parlament\/wp-content\/uploads\/2024\/04\/Victor-Puga-i-Silvia-Paneque.jpg\" class=\"attachment-full size-full\" alt=\"\" loading=\"lazy\" srcset=\"https:\/\/www.silviapaneque.com\/parlament\/wp-content\/uploads\/2024\/04\/Victor-Puga-i-Silvia-Paneque.jpg 1600w, https:\/\/www.silviapaneque.com\/parlament\/wp-content\/uploads\/2024\/04\/Victor-Puga-i-Silvia-Paneque-300x201.jpg 300w, https:\/\/www.silviapaneque.com\/parlament\/wp-content\/uploads\/2024\/04\/Victor-Puga-i-Silvia-Paneque-1024x685.jpg 1024w, https:\/\/www.silviapaneque.com\/parlament\/wp-content\/uploads\/2024\/04\/Victor-Puga-i-Silvia-Paneque-768x514.jpg 768w, https:\/\/www.silviapaneque.com\/parlament\/wp-content\/uploads\/2024\/04\/Victor-Puga-i-Silvia-Paneque-1536x1027.jpg 1536w\" sizes=\"(max-width: 1600px) 100vw, 1600px\" \/><\/div>\n\t\t<\/a>\n\t\t\t\t<div class=\"elementor-post__badge\">Parlament<\/div>\n\t\t\t\t<div class=\"elementor-post__text\">\n\t\t\t\t<h3 class=\"elementor-post__title\">\n\t\t\t<a href=\"https:\/\/www.silviapaneque.com\/parlament\/2024\/04\/17\/paneque-i-puga-expliquen-els-projectes-estrategics-per-a-la-demarcacio\/\" >\n\t\t\t\tPaneque i Puga expliquen els projectes estrat\u00e8gics per a la demarcaci\u00f3\t\t\t<\/a>\n\t\t<\/h3>\n\t\t\t\t<div class=\"elementor-post__excerpt\">\n\t\t\t<p>El nou Hospital Josep Trueta, les variants de Les Preses i Olot, la remodelaci\u00f3 de l\u2019escorxador comarcal de Ripoll, la nova planta de triatge del<\/p>\n\t\t<\/div>\n\t\t\t\t\t<a class=\"elementor-post__read-more\" href=\"https:\/\/www.silviapaneque.com\/parlament\/2024\/04\/17\/paneque-i-puga-expliquen-els-projectes-estrategics-per-a-la-demarcacio\/\" >\n\t\t\t\t Llegir m\u00e9s\t\t\t<\/a>\n\t\t\t\t<\/div>\n\t\t\t\t<div class=\"elementor-post__meta-data\">\n\t\t\t\t\t<span class=\"elementor-post-date\">\n\t\t\t17 d'abril de 2024\t\t<\/span>\n\t\t\t\t<\/div>\n\t\t\t\t\t<\/div>\n\t\t<\/article>\n\t\t\t\t<\/div>\n\t\t\t\t<\/div>\n\t\t\t\t<\/div>\n\t\t\t\t\t\t<\/div>\n\t\t\t\t\t<\/div>\n\t\t<\/div>\n\t\t\t\t\t\t\t\t<\/div>\n\t\t\t\t\t<\/div>\n\t\t<\/section>\n\t\t\t\t\t\t<\/div>\n\t\t\t\t\t\t<\/div>\n\t\t\t\t\t<\/div>\n\t\t","protected":false},"excerpt":{"rendered":"<p>Actualitat<\/p>\n","protected":false},"author":1,"featured_media":0,"parent":0,"menu_order":0,"comment_status":"closed","ping_status":"closed","template":"elementor_header_footer","meta":{"neve_meta_sidebar":"","neve_meta_container":"","neve_meta_enable_content_width":"","neve_meta_content_width":0,"neve_meta_title_alignment":"","neve_meta_author_avatar":"","neve_post_elements_order":"","neve_meta_disable_header":"","neve_meta_disable_footer":"","neve_meta_disable_title":"","neve_meta_reading_time":""},"_links":{"self":[{"href":"https:\/\/www.silviapaneque.com\/parlament\/wp-json\/wp\/v2\/pages\/587"}],"collection":[{"href":"https:\/\/www.silviapaneque.com\/parlament\/wp-json\/wp\/v2\/pages"}],"about":[{"href":"https:\/\/www.silviapaneque.com\/parlament\/wp-json\/wp\/v2\/types\/page"}],"author":[{"embeddable":true,"href":"https:\/\/www.silviapaneque.com\/parlament\/wp-json\/wp\/v2\/users\/1"}],"replies":[{"embeddable":true,"href":"https:\/\/www.silviapaneque.com\/parlament\/wp-json\/wp\/v2\/comments?post=587"}],"version-history":[{"count":24,"href":"https:\/\/www.silviapaneque.com\/parlament\/wp-json\/wp\/v2\/pages\/587\/revisions"}],"predecessor-version":[{"id":815,"href":"https:\/\/www.silviapaneque.com\/parlament\/wp-json\/wp\/v2\/pages\/587\/revisions\/815"}],"wp:attachment":[{"href":"https:\/\/www.silviapaneque.com\/parlament\/wp-json\/wp\/v2\/media?parent=587"}],"curies":[{"name":"wp","href":"https:\/\/api.w.org\/{rel}","templated":true}]}}