{"id":417,"date":"2021-02-03T08:44:08","date_gmt":"2021-02-03T07:44:08","guid":{"rendered":"https:\/\/www.silviapaneque.com\/parlament\/?page_id=417"},"modified":"2021-02-03T08:44:10","modified_gmt":"2021-02-03T07:44:10","slug":"avis-legal","status":"publish","type":"page","link":"https:\/\/www.silviapaneque.com\/parlament\/avis-legal\/","title":{"rendered":"Av\u00eds legal"},"content":{"rendered":"\n<p>En compliment amb el deure d\u2019informaci\u00f3 recogida en l\u2019article 10 de la Llei 34\/2002, de l\u201911 de juliol, de Serveis de la Societat de la Informaci\u00f3 i del Comer\u00e7 Electr\u00f2nic, a es fa constar que el lloc web i el domini silviapaneque.com\/parlament te com a titularita a Silvia Paneque i Sureda.<\/p>\n\n\n\n<p><strong>PROPIETAT INTEL\u00b7LECTUAL I INDUSTRIAL<\/strong><\/p>\n\n\n\n<p>Els continguts d\u2019aquest lloc, incloent-hi els textos, imatges i dissenys gr\u00e0fics,\u00a0 pertanyen a\u00a0 Silvia Paneque i Sureda, o a tercers que n\u2019han autoritzat el seu \u00fas espec\u00edficament en aquest lloc web. Aquesta p\u00e0gina presenta tots els continguts amb finalitats d\u2019informaci\u00f3.\u00a0 Silvia Paneque i Sureda n\u2019autoritza la utilitzaci\u00f3 sempre amb previ consentiment. Qualsevol utilitzaci\u00f3 d\u2019aquests dissenys, imatges o textos haur\u00e0 de citar expressament la seva pertinen\u00e7a a S\u00edlvia Paneque i Sureda, que es reserva el dret a iniciar les accions legals oportunes per reparar els danys i perjudicis causats per qualsevol acte que vulneri els seus drets de propietat intel\u00b7lectual o industrial. No s\u2019autoritza la utilitzaci\u00f3 dels logotips, dissenys, marques o altres signes distintius de\u00a0 S\u00edlvia Paneque i Sureda sense autoritzaci\u00f3 expressa, pr\u00e8via i per escrit dels respectius titulars dels drets.<\/p>\n\n\n\n<p>No s\u2019autoritzen presentacions dels continguts d\u2019aquest lloc en una finestra aliena a silvia-paneque.cat<\/p>\n\n\n\n<p><strong>RESPONSABILITAT SOBRE ELS CONTINGUTS<\/strong><\/p>\n\n\n\n<p>Tot i que l\u2019eurodiputat Silvia Paneque i Sureda actua amb el m\u00e0xim de dilig\u00e8ncia possible, es pot donar el cas que alguna dada o informaci\u00f3 no estigui del tot actualitzada en el moment que l\u2019usuari del lloc web el consulti.&nbsp;<\/p>\n\n\n\n<p>S\u00edlvia Paneque i Sureda no es fa responsable de la informaci\u00f3 que es pugui obtenir a trav\u00e9s d\u2019enlla\u00e7os inclosos en el lloc.<\/p>\n\n\n\n<p><strong>CONDICIONS D\u2019\u00daS<\/strong><\/p>\n\n\n\n<p>L\u2019\u00fas d\u2019aquest web implica l\u2019acceptaci\u00f3 plena dels termes i condicions del present av\u00eds legal. Els possibles conflictes relatius a aquest web es regiran exclusivament pel dret de l\u2019Estat espanyol. Tota persona usu\u00e0ria del web, independentment de la jurisdicci\u00f3 territorial des de la qual es produeixi el seu acc\u00e9s, accepta el compliment i respecte d\u2019aquestes cl\u00e0usules.<\/p>\n","protected":false},"excerpt":{"rendered":"<p>En compliment amb el deure d\u2019informaci\u00f3 recogida en l\u2019article 10 de la Llei 34\/2002, de l\u201911 de juliol, de Serveis de la Societat de la Informaci\u00f3 i del Comer\u00e7 Electr\u00f2nic, a es fa constar que el lloc web i el domini silviapaneque.com\/parlament te com a titularita a Silvia Paneque i Sureda. PROPIETAT INTEL\u00b7LECTUAL I INDUSTRIAL&hellip;&nbsp;<a href=\"https:\/\/www.silviapaneque.com\/parlament\/avis-legal\/\" class=\"\" rel=\"bookmark\">Read More &raquo;<span class=\"screen-reader-text\">Av\u00eds legal<\/span><\/a><\/p>\n","protected":false},"author":1,"featured_media":0,"parent":0,"menu_order":0,"comment_status":"closed","ping_status":"closed","template":"","meta":{"neve_meta_sidebar":"full-width","neve_meta_container":"","neve_meta_enable_content_width":"on","neve_meta_content_width":100,"neve_meta_title_alignment":"","neve_meta_author_avatar":"","neve_post_elements_order":"","neve_meta_disable_header":"","neve_meta_disable_footer":"","neve_meta_disable_title":"","neve_meta_reading_time":""},"_links":{"self":[{"href":"https:\/\/www.silviapaneque.com\/parlament\/wp-json\/wp\/v2\/pages\/417"}],"collection":[{"href":"https:\/\/www.silviapaneque.com\/parlament\/wp-json\/wp\/v2\/pages"}],"about":[{"href":"https:\/\/www.silviapaneque.com\/parlament\/wp-json\/wp\/v2\/types\/page"}],"author":[{"embeddable":true,"href":"https:\/\/www.silviapaneque.com\/parlament\/wp-json\/wp\/v2\/users\/1"}],"replies":[{"embeddable":true,"href":"https:\/\/www.silviapaneque.com\/parlament\/wp-json\/wp\/v2\/comments?post=417"}],"version-history":[{"count":1,"href":"https:\/\/www.silviapaneque.com\/parlament\/wp-json\/wp\/v2\/pages\/417\/revisions"}],"predecessor-version":[{"id":418,"href":"https:\/\/www.silviapaneque.com\/parlament\/wp-json\/wp\/v2\/pages\/417\/revisions\/418"}],"wp:attachment":[{"href":"https:\/\/www.silviapaneque.com\/parlament\/wp-json\/wp\/v2\/media?parent=417"}],"curies":[{"name":"wp","href":"https:\/\/api.w.org\/{rel}","templated":true}]}}