{"id":415,"date":"2021-02-03T08:42:32","date_gmt":"2021-02-03T07:42:32","guid":{"rendered":"https:\/\/www.silviapaneque.com\/parlament\/?page_id=415"},"modified":"2021-02-03T08:42:34","modified_gmt":"2021-02-03T07:42:34","slug":"politica-de-privacitat","status":"publish","type":"page","link":"https:\/\/www.silviapaneque.com\/parlament\/politica-de-privacitat\/","title":{"rendered":"Pol\u00edtica de privacitat"},"content":{"rendered":"\n<p><strong>Pol\u00edtica de Privacitat<\/strong><\/p>\n\n\n\n<p><strong>Reglament General de Protecci\u00f3 de Dades (RGDP) \u2013 Desembre de 2018.<\/strong><\/p>\n\n\n\n<p>L\u2019informem que les dades personals dels nostres usuaris seran tractades de conformitat amb la legislaci\u00f3 vigent en mat\u00e8ria de protecci\u00f3 de dades personals, la privacitat dels usuaris i el secret i la seguretat de les dades personals, segons l\u2019establert en la Llei Org\u00e0nica 3\/2018, de 5 de desembre, de Protecci\u00f3 de Dades Personals i garantia dels drets digitals (LOPD-GDD) i al Reglament (UE) 2016\/679 del Parlament Europeu i del Consell de 27 d\u2019abril de 2016 relatiu a la protecci\u00f3 de les persones f\u00edsiques quant al tractament de dades personals (RGPD).<\/p>\n\n\n\n<p>Amb l\u2019objectiu de complir l\u2019esmentat Reglament, hem actualitzat la nostra Pol\u00edtica de Privadesa:<\/p>\n\n\n\n<p><strong>Responsable:<\/strong> Silvia Paneque i Sureda<\/p>\n\n\n\n<p>Finalitat de tractament: tractem la informaci\u00f3 que ens facilita a fi de proporcionar-li el servei sol\u00b7licitat i enviar-li comunicacions relacionades amb el contingut dels nostres serveis.<\/p>\n\n\n\n<ul><li>Proced\u00e8ncia i categoria de dades tractades: les dades personals que tractarem s\u00f3n les seves dades d\u2019identitat que vost\u00e8 ens facilita a trav\u00e9s del formulari de registre que trobar\u00e0 al nostre lloc web.<ul><li>Temps de conservaci\u00f3: les dades proporcionades es conservaran mentre perduri la relaci\u00f3 amb l\u2019usuari o durant els anys necessaris per a complir amb les obligacions legals.<\/li><li>Legitimaci\u00f3: tractem les seves dades nom\u00e9s si comptem amb el seu consentiment expl\u00edcit o informat per a fer-ho, i sempre de conformitat amb les finalitat descrites.<\/li><\/ul><\/li><li>Destinataris: les dades que vost\u00e8 ens facilita no es cediran a tercers, a excepci\u00f3 dels casos en qu\u00e8 existeixi una obligaci\u00f3 legal.<\/li><\/ul>\n\n\n\n<p>Si b\u00e9, per a dur a terme determinades funcions necess\u00e0ries per a la prestaci\u00f3 del servei, les seves dades poden ser tractades per tercers que actuaran com a encarregats de tractament i que estaran obligats contractualment a complir amb les seves obligacions legals d\u2019encarregat de tractament, a respectar la confidencialitat i secret de la informaci\u00f3.<\/p>\n\n\n\n<ul><li>Drets: vost\u00e8 \u00e9s titular dels seg\u00fcents drets sobre les seves dades de car\u00e0cter personal<\/li><li>Dret a sol\u00b7licitar l\u2019acc\u00e9s a les dades personals.<\/li><li>Dret a sol\u00b7licitar la seva rectificaci\u00f3 o supressi\u00f3.<\/li><li>Dret a sol\u00b7licitar la limitaci\u00f3 o oposici\u00f3 del seu tractament.<\/li><li>Revocaci\u00f3 del consentiment prestat.<\/li><li>Dret a la portabilitat de les seves dades.<\/li><\/ul>\n\n\n\n<p>Per a l\u2019exercici dels drets haur\u00e0 de dirigir-nos una comunicaci\u00f3 escrita a trav\u00e9s del correu electr\u00f2nic info@silviapaneque.com especificant el dret que desitja exercitar.<\/p>\n\n\n\n<p>De totes maneres, l\u2019informem que vost\u00e8 pot sol\u00b7licitar la tutela dels seus drets davant l\u2019Ag\u00e8ncia Espanyola de Protecci\u00f3 de Dades amb seu al Carrer Jorge Juan, 6, 28001 Madrid.<\/p>\n","protected":false},"excerpt":{"rendered":"<p>Pol\u00edtica de Privacitat Reglament General de Protecci\u00f3 de Dades (RGDP) \u2013 Desembre de 2018. L\u2019informem que les dades personals dels nostres usuaris seran tractades de conformitat amb la legislaci\u00f3 vigent en mat\u00e8ria de protecci\u00f3 de dades personals, la privacitat dels usuaris i el secret i la seguretat de les dades personals, segons l\u2019establert en la&hellip;&nbsp;<a href=\"https:\/\/www.silviapaneque.com\/parlament\/politica-de-privacitat\/\" class=\"\" rel=\"bookmark\">Read More &raquo;<span class=\"screen-reader-text\">Pol\u00edtica de privacitat<\/span><\/a><\/p>\n","protected":false},"author":1,"featured_media":0,"parent":0,"menu_order":0,"comment_status":"closed","ping_status":"closed","template":"","meta":{"neve_meta_sidebar":"full-width","neve_meta_container":"","neve_meta_enable_content_width":"on","neve_meta_content_width":100,"neve_meta_title_alignment":"","neve_meta_author_avatar":"","neve_post_elements_order":"","neve_meta_disable_header":"","neve_meta_disable_footer":"","neve_meta_disable_title":"","neve_meta_reading_time":""},"_links":{"self":[{"href":"https:\/\/www.silviapaneque.com\/parlament\/wp-json\/wp\/v2\/pages\/415"}],"collection":[{"href":"https:\/\/www.silviapaneque.com\/parlament\/wp-json\/wp\/v2\/pages"}],"about":[{"href":"https:\/\/www.silviapaneque.com\/parlament\/wp-json\/wp\/v2\/types\/page"}],"author":[{"embeddable":true,"href":"https:\/\/www.silviapaneque.com\/parlament\/wp-json\/wp\/v2\/users\/1"}],"replies":[{"embeddable":true,"href":"https:\/\/www.silviapaneque.com\/parlament\/wp-json\/wp\/v2\/comments?post=415"}],"version-history":[{"count":1,"href":"https:\/\/www.silviapaneque.com\/parlament\/wp-json\/wp\/v2\/pages\/415\/revisions"}],"predecessor-version":[{"id":416,"href":"https:\/\/www.silviapaneque.com\/parlament\/wp-json\/wp\/v2\/pages\/415\/revisions\/416"}],"wp:attachment":[{"href":"https:\/\/www.silviapaneque.com\/parlament\/wp-json\/wp\/v2\/media?parent=415"}],"curies":[{"name":"wp","href":"https:\/\/api.w.org\/{rel}","templated":true}]}}