{"id":405,"date":"2021-02-02T17:25:39","date_gmt":"2021-02-02T16:25:39","guid":{"rendered":"https:\/\/www.silviapaneque.com\/parlament\/?page_id=405"},"modified":"2021-02-02T17:31:13","modified_gmt":"2021-02-02T16:31:13","slug":"politica-de-cookies","status":"publish","type":"page","link":"https:\/\/www.silviapaneque.com\/parlament\/politica-de-cookies\/","title":{"rendered":"Pol\u00edtica de cookies"},"content":{"rendered":"\n<p>Les cookies s\u00f3n un petit fitxer de text que s\u2019instal\u00b7len els equips des dels quals s\u2019accedeix al nostre lloc web. Poden guardar la identificaci\u00f3 de l\u2019usuari que visita el web i els continguts pels quals navega. Quan un usuari (vost\u00e8, en aquest cas) ens torna a visitar, es llegeixen les cookies per a identificar-lo i restablir les seves prefer\u00e8ncies i configuraci\u00f3 de navegaci\u00f3. Si un usuari no autoritza l\u2019\u00fas de les cookies alguns serveis o funcionalitats del lloc web podrien no estar disponibles.<\/p>\n\n\n\n<p>Volem que aquest lloc web ofereixi un bon servei i que sigui de f\u00e0cil utilitat. En aquest sentit utilitzem cookies de Google Analytics. Aix\u00f2 ens permet:<\/p>\n\n\n\n<ul><li>Analitzar estad\u00edsticament la informaci\u00f3 a la qual accedeixen els usuaris del nostre lloc web. Les dades recopilades poden incloure l\u2019activitat del navegador de l\u2019usuari quan ens visita, la ruta que segueixen els usuaris al nostre lloc web, informaci\u00f3 del prove\u00efdor de serveis d\u2019Internet del visitant, el nombre de vegades que els usuaris accedeixen al lloc web i el comportament dels usuaris al nostre lloc web (p\u00e0gines que han visitat, formularis que s\u2019han completat i similars).<\/li><li>Identificar els usuaris que ens visiten des de la invitaci\u00f3 d\u2019un lloc web associat o d\u2019un enlla\u00e7 patrocinat.<\/li><\/ul>\n\n\n\n<p>Pot obtenir m\u00e9s informaci\u00f3 sobre Google Analytics a <a href=\"http:\/\/www.google.com\/analytics\/\">www.google.com\/analytics\/<\/a>. Per a controlar la recopilaci\u00f3 de dades amb fins anal\u00edtics per part de Google Analytics, pot anar a <a href=\"https:\/\/tools.google.com\/dlpage\/gaoptout?hl=en\">aqu\u00ed<\/a>.<\/p>\n\n\n\n<p>Vost\u00e8 pot revocar el consentiment sobre la utilitzaci\u00f3 de cookies eliminant-les mitjan\u00e7ant les opcions que ofereix el seu navegador.<\/p>\n\n\n\n<table class=\"llistat-cookies\">\n<tbody>\n<tr>\n<th>FINALITAT<\/th>\n<th>PROVE\u00cfDOR<\/th>\n<th>NOM DE LA COOKIE<\/th>\n<th>GESTI\u00d3<\/th>\n<th>VIG\u00c8NCIA<\/th>\n<th>FUNCI\u00d3<\/th>\n<\/tr>\n<tr>\n<td>T\u00e8cniques<\/td>\n<td>Pr\u00f2pia<\/td>\n<td>PHPSESSID<\/td>\n<td>Pr\u00f2pia<\/td>\n<td>1 any<\/td>\n<td>PHPSESSID. Aquesta cookie s&#8217;ha utilitzat pel llenguatge d&#8217;encriptatge PHP per a permetre que les variables de<br \/>\nSESSI\u00d3 es guardin al servidor web.<\/td>\n<\/tr>\n<tr>\n<td>T\u00e8cniques<\/td>\n<td>Pr\u00f2pia<\/td>\n<td>wordpress_logged_in_<\/td>\n<td>Pr\u00f2pia<\/td>\n<td>1 any<\/td>\n<td>Despr\u00e9s del loggin, WordPress activa la cookie wordpress_logged_in_, la funci\u00f3 de la qual \u00e9s indicar quan s&#8217;ha<br \/>\nconnectat i qui \u00e9s, essent utilitzat per la interf\u00edcie de WordPress.<\/td>\n<\/tr>\n<tr>\n<td>T\u00e8cniques<\/td>\n<td>Pr\u00f2pia<\/td>\n<td>wp-settings-time-1, wp-<br \/>\nsettings-1<\/td>\n<td>Pr\u00f2pia<\/td>\n<td>1 any<\/td>\n<td>Aquestes cookies s\u00f3n utilitzades per WordPress per a personalitzar la interf\u00edcie d&#8217;usuari.<\/td>\n<\/tr>\n<tr>\n<td>T\u00e8cniques<\/td>\n<td>Pr\u00f2pia<\/td>\n<td>wordpress_test_cookie<\/td>\n<td>Pr\u00f2pia<\/td>\n<td>1 any<\/td>\n<td>Cookie de WordPress per a un usuari connectat.<\/td>\n<\/tr>\n<tr>\n<td>T\u00e8cniques<\/td>\n<td>Pr\u00f2pia<\/td>\n<td>wp-wpml_current_language<\/td>\n<td>Pr\u00f2pia<\/td>\n<td>1 any<\/td>\n<td>Permet recordar l&#8217;idioma de l&#8217;usuari a la interf\u00edcie de WordPress.<\/td>\n<\/tr>\n<tr>\n<td>T\u00e8cniques<\/td>\n<td>Pr\u00f2pia<\/td>\n<td>CoookieConsent<\/td>\n<td>Pr\u00f2pia<\/td>\n<td>1 any<\/td>\n<td>Guarda el valor de l&#8217;acceptaci\u00f3 del cartell de cookies<\/td>\n<\/tr>\n<tr>\n<td>T\u00e8cniques<\/td>\n<td>Pr\u00f2pia<\/td>\n<td>dateExpireCookie<\/td>\n<td>Pr\u00f2pia<\/td>\n<td>1 any<\/td>\n<td>Guarda la data d&#8217;expiraci\u00f3 de la cookie del cartell de cookies<\/td>\n<\/tr>\n<tr>\n<td>T\u00e8cniques<\/td>\n<td>Pr\u00f2pia<\/td>\n<td>country-language-selection<\/td>\n<td>Pr\u00f2pia<\/td>\n<td>1 mes<\/td>\n<td>Guarda l&#8217;idioma i el pa\u00eds seleccionat per l&#8217;usuari.<\/td>\n<\/tr>\n<tr>\n<td>T\u00e8cniques<\/td>\n<td>doubleclick.net<\/td>\n<td>IDE<\/td>\n<td>Tercers<\/td>\n<td>1 any<\/td>\n<td>S&#8217;utilitza per focalitzaci\u00f3, optimitzaci\u00f3, presentaci\u00f3 d&#8217;informes i assignaci\u00f3 d&#8217;avisos en l\u00ednia.<br \/>\nImplementada per Youtube.<\/td>\n<\/tr>\n<tr>\n<td>T\u00e8cniques<\/td>\n<td>YOUTUBE<\/td>\n<td>LOGIN_INFO<\/td>\n<td>Tercers<\/td>\n<td>2 anys<\/td>\n<td>Mant\u00e9 la sessi\u00f3 activa amb el seu compte, amb el prop\u00f2sit de visualitzar els v\u00eddeos incrustats, estimar<br \/>\nl&#8217;ample de banda i mostrar quantes vegades s&#8217;ha reprodu\u00eft.<\/td>\n<\/tr>\n<tr>\n<td>T\u00e8cniques<\/td>\n<td>YOUTUBE<\/td>\n<td>VISITOR_INFO1_LIVE<\/td>\n<td>Tercers<\/td>\n<td>240 dies<\/td>\n<td>Cont\u00e9 un identificador \u00fanic per permetre el control de visites a v\u00eddeos de YouTube.<\/td>\n<\/tr>\n<tr>\n<td>T\u00e8cniques<\/td>\n<td>YOUTUBE<\/td>\n<td>YSC<\/td>\n<td>Tercers<\/td>\n<td>Fi de la sessi\u00f3 del navegador<\/td>\n<td>Emmagatzema les prefer\u00e8ncies de configuraci\u00f3, com ara idioma preferit, nombre de resultats de cerca mostrats<br \/>\nper p\u00e0gina o activaci\u00f3 filtre SafeSearch de Google.<\/td>\n<\/tr>\n<tr>\n<td>T\u00e8cniques<\/td>\n<td>YOUTUBE<\/td>\n<td>__Secure-3PAPISID,<br \/>\n__Secure-3PSID<\/td>\n<td>Tercers<\/td>\n<td>2 anys<\/td>\n<td>S&#8217;utilitza amb fins de segmentaci\u00f3 per crear un perfil dels interessos de l&#8217;visitant del lloc web amb la<br \/>\nfinalitat de mostrar publicitat rellevant i personalitzada de Google.<\/td>\n<\/tr>\n<tr>\n<td>T\u00e8cniques<\/td>\n<td>YOUTUBE<\/td>\n<td>__Secure-3PSIDCC<\/td>\n<td>Tercers<\/td>\n<td>1 any<\/td>\n<td>S&#8217;utilitza amb fins de segmentaci\u00f3 per crear un perfil dels interessos de l&#8217;visitant del lloc web amb la<br \/>\nfinalitat de mostrar publicitat rellevant i personalitzada de Google.<\/td>\n<\/tr>\n<tr>\n<td>Anal\u00edtiques<\/td>\n<td>GOOGLE<\/td>\n<td>_gid<\/td>\n<td>Tercers<\/td>\n<td>23 hores<\/td>\n<td>Registra una identificaci\u00f3 \u00fanica que s&#8217;utilitza per a generar dades estad\u00edstiques sobre com el visitant<br \/>\nutilitza el lloc web.<\/td>\n<\/tr>\n<tr>\n<td>Anal\u00edtiques<\/td>\n<td>GOOGLE<\/td>\n<td>_gat<\/td>\n<td>Tercers<\/td>\n<td>1 minut<\/td>\n<td>S&#8217;utilitza per a limitar el percentatge de sol\u00b7licituds. Si s&#8217;ha implementat Google Analytics mitjan\u00e7ant<br \/>\nGoogle Tag Manager, aquesta cookie s&#8217;anomenar\u00e0 _dc_gtm_.<\/td>\n<\/tr>\n<\/tbody>\n<\/table>\n\n\n\n\n<p><strong>PANELL DE CONFIGURACI\u00d3 DE COOKIES<\/strong><\/p>\n\n\n\n<p>Des d\u2019aquest panell pot configurar les cookies que el lloc web pot instal\u2022lar en el seu navegador, excepte les cookies t\u00e8cniques o funcionals que s\u00f3n necess\u00e0ries per a la navegaci\u00f3 i la utilitzaci\u00f3 de les diferents opcions o serveis que s\u2019ofereixen.<\/p>\n\n\n\n<p id=\"ajustes_cookies_2\">Acc\u00e9s al panell<\/p>\n\n\n\n<p>Si desitja rebre informaci\u00f3 addicional sobre l\u2019activitat de les empreses de publicitat a Internet i sobre com eliminar les seves dades dels registres d\u2019aquestes empreses, li recomanem que visiti <a href=\"http:\/\/www.networkadvertising.org\/\">www.networkadvertising.org<\/a>.<\/p>\n\n\n\n<p>Vost\u00e8 pot configurar el seu navegador per tal que l\u2019informi pr\u00e8viament de la possible instal\u2022laci\u00f3 de cookies. Tamb\u00e9, podr\u00e0 optar perqu\u00e8 s\u2019eliminin de forma autom\u00e0tica un cop tanqui el navegador, equip o dispositiu. Pot trobar informaci\u00f3 sobre com fer-ho a:<\/p>\n\n\n\n<ul><li>Per a Firefox.<\/li><li>Per a Chrome.<\/li><li>Per a Explorer.<\/li><li>Per a Safari.<\/li><li>Per a Safari per IOS.<\/li><li>Per a Opera.<\/li><\/ul>\n","protected":false},"excerpt":{"rendered":"<p>Les cookies s\u00f3n un petit fitxer de text que s\u2019instal\u00b7len els equips des dels quals s\u2019accedeix al nostre lloc web. Poden guardar la identificaci\u00f3 de l\u2019usuari que visita el web i els continguts pels quals navega. Quan un usuari (vost\u00e8, en aquest cas) ens torna a visitar, es llegeixen les cookies per a identificar-lo i&hellip;&nbsp;<a href=\"https:\/\/www.silviapaneque.com\/parlament\/politica-de-cookies\/\" class=\"\" rel=\"bookmark\">Read More &raquo;<span class=\"screen-reader-text\">Pol\u00edtica de cookies<\/span><\/a><\/p>\n","protected":false},"author":1,"featured_media":0,"parent":0,"menu_order":0,"comment_status":"closed","ping_status":"closed","template":"","meta":{"neve_meta_sidebar":"full-width","neve_meta_container":"","neve_meta_enable_content_width":"on","neve_meta_content_width":100,"neve_meta_title_alignment":"","neve_meta_author_avatar":"","neve_post_elements_order":"","neve_meta_disable_header":"","neve_meta_disable_footer":"","neve_meta_disable_title":"","neve_meta_reading_time":""},"_links":{"self":[{"href":"https:\/\/www.silviapaneque.com\/parlament\/wp-json\/wp\/v2\/pages\/405"}],"collection":[{"href":"https:\/\/www.silviapaneque.com\/parlament\/wp-json\/wp\/v2\/pages"}],"about":[{"href":"https:\/\/www.silviapaneque.com\/parlament\/wp-json\/wp\/v2\/types\/page"}],"author":[{"embeddable":true,"href":"https:\/\/www.silviapaneque.com\/parlament\/wp-json\/wp\/v2\/users\/1"}],"replies":[{"embeddable":true,"href":"https:\/\/www.silviapaneque.com\/parlament\/wp-json\/wp\/v2\/comments?post=405"}],"version-history":[{"count":2,"href":"https:\/\/www.silviapaneque.com\/parlament\/wp-json\/wp\/v2\/pages\/405\/revisions"}],"predecessor-version":[{"id":408,"href":"https:\/\/www.silviapaneque.com\/parlament\/wp-json\/wp\/v2\/pages\/405\/revisions\/408"}],"wp:attachment":[{"href":"https:\/\/www.silviapaneque.com\/parlament\/wp-json\/wp\/v2\/media?parent=405"}],"curies":[{"name":"wp","href":"https:\/\/api.w.org\/{rel}","templated":true}]}}