{"id":419,"date":"2021-02-03T08:45:19","date_gmt":"2021-02-03T07:45:19","guid":{"rendered":"https:\/\/www.silviapaneque.com\/parlament\/?page_id=419"},"modified":"2021-02-03T08:45:21","modified_gmt":"2021-02-03T07:45:21","slug":"aviso-legal","status":"publish","type":"page","link":"https:\/\/www.silviapaneque.com\/parlament\/es\/aviso-legal\/","title":{"rendered":"Aviso legal"},"content":{"rendered":"\n<p>En cumplimiento con el deber de informaci\u00f3n recogida en el art\u00edculo 10 de la Ley 34\/2002, de 11 de julio, de Servicios de la Sociedad de la Informaci\u00f3n y del Comercio Electr\u00f3nico, a se hace constar que el sitio web y el dominio silviapaneque.com\/parlament tiene como titularidad a Silvia Paneque y Sureda.<\/p>\n\n\n\n<p><strong>PROPIEDAD INTELECTUAL E INDUSTRIAL<\/strong><\/p>\n\n\n\n<p>Los contenidos de este sitio, incluyendo los textos, im\u00e1genes y dise\u00f1os gr\u00e1ficos, pertenecen a Silvia Paneque y Sureda, o a terceros que han autorizado su uso espec\u00edficamente en \u00e9ste sitio web. Esta p\u00e1gina presenta todos los contenidos con fines de informaci\u00f3n. Silvia Paneque y Sureda autoriza su utilizaci\u00f3n siempre con previo consentimiento. Cualquier utilizaci\u00f3n de estos dise\u00f1os, im\u00e1genes o textos deber\u00e1 citar expresamente su pertenencia a Silvia Paneque y Sureda, que se reserva el derecho a iniciar las acciones legales oportunas para reparar los da\u00f1os y perjuicios causados \u200b\u200bpor cualquier acto que vulnere sus derechos de propiedad intelectual o industrial. No se autoriza la utilizaci\u00f3n de los logotipos, dise\u00f1os, marcas u otros signos distintivos de Silvia Paneque y Sureda sin autorizaci\u00f3n expresa, previa y por escrito de los respectivos titulares de los derechos.<\/p>\n\n\n\n<p>No se autorizan presentaciones de los contenidos de este sitio en una ventana ajena a silvia-paneque.cat<\/p>\n\n\n\n<p><strong>RESPONSABILIDAD SOBRE LOS CONTENIDOS<\/strong><\/p>\n\n\n\n<p>Aunque la eurodiputada Silvia Paneque i Sureda act\u00faa con la m\u00e1xima diligencia posible, puede darse el caso de que alg\u00fan dato o informaci\u00f3n no est\u00e9 del todo actualizada en el momento que el usuario del sitio web lo consulte.<\/p>\n\n\n\n<p>Silvia Paneque y Sureda no se hace responsable de la informaci\u00f3n que se pueda obtener a trav\u00e9s de enlaces incluidos en el sitio.<\/p>\n\n\n\n<p><strong>CONDICIONES DE USO<\/strong><\/p>\n\n\n\n<p>El uso de este sitio web implica la aceptaci\u00f3n plena de los t\u00e9rminos y condiciones del presente aviso legal. Los posibles conflictos relativos a esta web se regir\u00e1n exclusivamente por el derecho del Estado espa\u00f1ol. Toda persona usuaria del web, independientemente de la jurisdicci\u00f3n territorial desde la que se produzca su acceso, acepta el cumplimiento y respeto de estas cl\u00e1usulas.<\/p>\n","protected":false},"excerpt":{"rendered":"<p>En cumplimiento con el deber de informaci\u00f3n recogida en el art\u00edculo 10 de la Ley 34\/2002, de 11 de julio, de Servicios de la Sociedad de la Informaci\u00f3n y del Comercio Electr\u00f3nico, a se hace constar que el sitio web y el dominio silviapaneque.com\/parlament tiene como titularidad a Silvia Paneque y Sureda. PROPIEDAD INTELECTUAL E&hellip;&nbsp;<a href=\"https:\/\/www.silviapaneque.com\/parlament\/es\/aviso-legal\/\" class=\"\" rel=\"bookmark\">Leer m\u00e1s &raquo;<span class=\"screen-reader-text\">Aviso legal<\/span><\/a><\/p>\n","protected":false},"author":1,"featured_media":0,"parent":0,"menu_order":0,"comment_status":"closed","ping_status":"closed","template":"","meta":{"neve_meta_sidebar":"full-width","neve_meta_container":"","neve_meta_enable_content_width":"on","neve_meta_content_width":100,"neve_meta_title_alignment":"","neve_meta_author_avatar":"","neve_post_elements_order":"","neve_meta_disable_header":"","neve_meta_disable_footer":"","neve_meta_disable_title":"","neve_meta_reading_time":""},"_links":{"self":[{"href":"https:\/\/www.silviapaneque.com\/parlament\/es\/wp-json\/wp\/v2\/pages\/419"}],"collection":[{"href":"https:\/\/www.silviapaneque.com\/parlament\/es\/wp-json\/wp\/v2\/pages"}],"about":[{"href":"https:\/\/www.silviapaneque.com\/parlament\/es\/wp-json\/wp\/v2\/types\/page"}],"author":[{"embeddable":true,"href":"https:\/\/www.silviapaneque.com\/parlament\/es\/wp-json\/wp\/v2\/users\/1"}],"replies":[{"embeddable":true,"href":"https:\/\/www.silviapaneque.com\/parlament\/es\/wp-json\/wp\/v2\/comments?post=419"}],"version-history":[{"count":1,"href":"https:\/\/www.silviapaneque.com\/parlament\/es\/wp-json\/wp\/v2\/pages\/419\/revisions"}],"predecessor-version":[{"id":420,"href":"https:\/\/www.silviapaneque.com\/parlament\/es\/wp-json\/wp\/v2\/pages\/419\/revisions\/420"}],"wp:attachment":[{"href":"https:\/\/www.silviapaneque.com\/parlament\/es\/wp-json\/wp\/v2\/media?parent=419"}],"curies":[{"name":"wp","href":"https:\/\/api.w.org\/{rel}","templated":true}]}}