{"id":413,"date":"2021-02-03T08:40:18","date_gmt":"2021-02-03T07:40:18","guid":{"rendered":"https:\/\/www.silviapaneque.com\/parlament\/?page_id=413"},"modified":"2021-02-03T08:40:20","modified_gmt":"2021-02-03T07:40:20","slug":"politica-de-privacidad","status":"publish","type":"page","link":"https:\/\/www.silviapaneque.com\/parlament\/es\/politica-de-privacidad\/","title":{"rendered":"Pol\u00edtica de privacidad"},"content":{"rendered":"\n<p><strong>Reglamento General de Protecci\u00f3n de Datos (RGDP) &#8211; Diciembre de 2018.<\/strong><\/p>\n\n\n\n<p>Le informamos que los datos personales de nuestros usuarios ser\u00e1n tratados de conformidad con la legislaci\u00f3n vigente en materia de protecci\u00f3n de datos personales, la privacidad de los usuarios y el secreto y la seguridad de los datos personales, seg\u00fan lo establecido en la Ley Org\u00e1nica 3\/2018, de 5 de diciembre, de Protecci\u00f3n de datos personales y garant\u00eda de los derechos digitales (LOPD-GDD) y al Reglamento (UE) 2016\/679 del Parlamento Europeo y del Consejo de 27 de abril de 2016 relativo a la protecci\u00f3n de las personas f\u00edsicas en cuanto al tratamiento de datos personales (RGPD).<\/p>\n\n\n\n<p>Con el objetivo de cumplir dicho Reglamento, hemos actualizado nuestra Pol\u00edtica de Privacidad:<\/p>\n\n\n\n<p><strong>Responsable:<\/strong> Silvia Paneque y Sureda<\/p>\n\n\n\n<p>Finalidad de tratamiento: tratamos la informaci\u00f3n que nos facilita a fin de proporcionarle el servicio solicitado y enviarle comunicaciones relacionadas con el contenido de nuestros servicios.<\/p>\n\n\n\n<ul><li>Procedencia y categor\u00eda de datos tratados: los datos personales que trataremos son sus datos de identidad que usted nos facilita a trav\u00e9s del formulario de registro que encontrar\u00e1 en nuestro sitio web.<ul><li>Tiempo de conservaci\u00f3n: los datos proporcionados se conservar\u00e1n mientras perdure la relaci\u00f3n con el usuario o durante los a\u00f1os necesarios para cumplir con las obligaciones legales.<\/li><li>Legitimaci\u00f3n: tratamos sus datos s\u00f3lo si contamos con su consentimiento expl\u00edcito o informado para hacerlo, y siempre de conformidad con las finalidad descritas.<\/li><\/ul><\/li><li>Destinatarios: los datos que usted nos facilita no se ceder\u00e1n a terceros, a excepci\u00f3n de los casos en que exista una obligaci\u00f3n legal.<\/li><\/ul>\n\n\n\n<p>Si bien, para llevar a cabo determinadas funciones necesarias para la prestaci\u00f3n del servicio, sus datos pueden ser tratados por terceros que actuar\u00e1n como encargados de tratamiento y que estar\u00e1n obligados contractualmente a cumplir con sus obligaciones legales de encargado de tratamiento , a respetar la confidencialidad y secreto de la informaci\u00f3n.<\/p>\n\n\n\n<ul><li>Derechos: usted es titular de los siguientes derechos sobre sus datos de car\u00e1cter personal<\/li><li>Derecho a solicitar el acceso a los datos personales.<\/li><li>Derecho a solicitar su rectificaci\u00f3n o supresi\u00f3n.<\/li><li>Derecho a solicitar la limitaci\u00f3n u oposici\u00f3n de su tratamiento.<\/li><li>Revocaci\u00f3n del consentimiento prestado.<\/li><li>Derecho a la portabilidad de sus datos.<\/li><\/ul>\n\n\n\n<p>Para el ejercicio de los derechos deber\u00e1 enviarnos una comunicaci\u00f3n escrita a trav\u00e9s del correo electr\u00f3nico info@silviapaneque.com especificando el derecho que desea ejercitar.<\/p>\n\n\n\n<p>De todos modos, le informamos que usted puede solicitar la tutela de sus derechos ante la Agencia Espa\u00f1ola de Protecci\u00f3n de Datos con sede en la Calle Jorge Juan, 6, 28001 Madrid.<\/p>\n","protected":false},"excerpt":{"rendered":"<p>Reglamento General de Protecci\u00f3n de Datos (RGDP) &#8211; Diciembre de 2018. Le informamos que los datos personales de nuestros usuarios ser\u00e1n tratados de conformidad con la legislaci\u00f3n vigente en materia de protecci\u00f3n de datos personales, la privacidad de los usuarios y el secreto y la seguridad de los datos personales, seg\u00fan lo establecido en la&hellip;&nbsp;<a href=\"https:\/\/www.silviapaneque.com\/parlament\/es\/politica-de-privacidad\/\" class=\"\" rel=\"bookmark\">Leer m\u00e1s &raquo;<span class=\"screen-reader-text\">Pol\u00edtica de privacidad<\/span><\/a><\/p>\n","protected":false},"author":1,"featured_media":0,"parent":0,"menu_order":0,"comment_status":"closed","ping_status":"closed","template":"","meta":{"neve_meta_sidebar":"full-width","neve_meta_container":"","neve_meta_enable_content_width":"on","neve_meta_content_width":100,"neve_meta_title_alignment":"","neve_meta_author_avatar":"","neve_post_elements_order":"","neve_meta_disable_header":"","neve_meta_disable_footer":"","neve_meta_disable_title":"","neve_meta_reading_time":""},"_links":{"self":[{"href":"https:\/\/www.silviapaneque.com\/parlament\/es\/wp-json\/wp\/v2\/pages\/413"}],"collection":[{"href":"https:\/\/www.silviapaneque.com\/parlament\/es\/wp-json\/wp\/v2\/pages"}],"about":[{"href":"https:\/\/www.silviapaneque.com\/parlament\/es\/wp-json\/wp\/v2\/types\/page"}],"author":[{"embeddable":true,"href":"https:\/\/www.silviapaneque.com\/parlament\/es\/wp-json\/wp\/v2\/users\/1"}],"replies":[{"embeddable":true,"href":"https:\/\/www.silviapaneque.com\/parlament\/es\/wp-json\/wp\/v2\/comments?post=413"}],"version-history":[{"count":1,"href":"https:\/\/www.silviapaneque.com\/parlament\/es\/wp-json\/wp\/v2\/pages\/413\/revisions"}],"predecessor-version":[{"id":414,"href":"https:\/\/www.silviapaneque.com\/parlament\/es\/wp-json\/wp\/v2\/pages\/413\/revisions\/414"}],"wp:attachment":[{"href":"https:\/\/www.silviapaneque.com\/parlament\/es\/wp-json\/wp\/v2\/media?parent=413"}],"curies":[{"name":"wp","href":"https:\/\/api.w.org\/{rel}","templated":true}]}}