{"id":399,"date":"2021-02-02T15:47:59","date_gmt":"2021-02-02T15:47:59","guid":{"rendered":"https:\/\/www.silviapaneque.com\/parlament\/?page_id=399"},"modified":"2021-02-02T17:46:27","modified_gmt":"2021-02-02T16:46:27","slug":"politica-de-cookies","status":"publish","type":"page","link":"https:\/\/www.silviapaneque.com\/parlament\/es\/politica-de-cookies\/","title":{"rendered":"Pol\u00edtica de cookies"},"content":{"rendered":"\n<p>Las cookies son un peque\u00f1o archivo de texto que se instalan los equipos desde los que se accede a nuestro sitio web. Pueden guardar la identificaci\u00f3n del usuario que visita la web y los contenidos por los que navega. Cuando un usuario (usted, en este caso) nos vuelve a visitar, se leen las cookies para identificarlo y restablecer sus preferencias y configuraci\u00f3n de navegaci\u00f3n. Si un usuario no autoriza el uso de las cookies algunos servicios o funcionalidades del sitio web podr\u00edan no estar disponibles.<\/p>\n\n\n\n<p>Queremos que este sitio web ofrezca un buen servicio y que sea de f\u00e1cil utilidad. En este sentido utilizamos cookies de Google Analytics. Esto nos permite:<\/p>\n\n\n\n<ul><li>Analizar estad\u00edsticamente la informaci\u00f3n a la que acceden los usuarios de nuestro sitio web. Los datos recopilados pueden incluir la actividad del navegador del usuario cuando nos visita, la ruta que siguen los usuarios en nuestro sitio web, informaci\u00f3n del proveedor de servicios de Internet del visitante, el n\u00famero de veces que los usuarios acceden al sitio web y el comportamiento de los usuarios en nuestro sitio web (p\u00e1ginas que han visitado, formularios que se han completado y similares).<\/li><li>Identificar los usuarios que nos visitan desde la invitaci\u00f3n de un sitio web asociado o de un enlace patrocinado.<\/li><\/ul>\n\n\n\n<p>Puede obtener m\u00e1s informaci\u00f3n sobre Google Analytics a <a href=\"http:\/\/www.google.com\/analytics\/\">www.google.com\/analytics\/<\/a>. Para controlar la recopilaci\u00f3n de datos con fines anal\u00edticos por parte de Google Analytics, puede ir a <a href=\"https:\/\/tools.google.com\/dlpage\/gaoptout?hl=en\">aqu\u00ed<\/a>.<\/p>\n\n\n\n<p>Usted puede revocar el consentimiento sobre la utilizaci\u00f3n de cookies elimin\u00e1ndolas mediante las opciones que ofrece su navegador.<\/p>\n\n\n\n<table class=\"llistat-cookies\">\n<tbody>\n<tr>\n<th>FINALIDAD<\/th>\n<th>PROVEEDOR<\/th>\n<th>NOMBRE DE LA COOKIE<\/th>\n<th>GESTI\u00d3N<\/th>\n<th>VIGENCIA<\/th>\n<th>FUNCI\u00d3N<\/th>\n<\/tr>\n<tr>\n<td>T\u00e9cnicas<\/td>\n<td>Propia<\/td>\n<td>PHPSESSID<\/td>\n<td>Propia<\/td>\n<td>1 a\u00f1o<\/td>\n<td>PHPSESSID. Esta cookie es usada por el lenguaje de encriptado PHP para permitir<br \/>\nque las variables de SESI\u00d3N sean guardadas en el servidor web.<\/td>\n<\/tr>\n<tr>\n<td>T\u00e9cnicas<\/td>\n<td>Propia<\/td>\n<td>wordpress_logged_in_<\/td>\n<td>Propia<\/td>\n<td>1 a\u00f1o<\/td>\n<td>Despu\u00e9s del loggin, WordPress activa la<br \/>\ncookie ordpress_logged_in_, cuya funci\u00f3n es indicar cuando se ha conectado y qui\u00e9n es, siendo utilizado por la<br \/>\ninterfaz de WordPress.<\/td>\n<\/tr>\n<tr>\n<td>T\u00e9cnicas<\/td>\n<td>Propia<\/td>\n<td>wp-settings-time-1, wp-<br \/>\nsettings-1<\/td>\n<td>Propia<\/td>\n<td>1 a\u00f1o<\/td>\n<td>Estas cookies son utilizadas por WordPress para<br \/>\npersonalizar la Interfaz de Usuario.<\/td>\n<\/tr>\n<tr>\n<td>T\u00e9cnicas<\/td>\n<td>Propia<\/td>\n<td>wordpress_test_cookie<\/td>\n<td>Propia<\/td>\n<td>1 a\u00f1o<\/td>\n<td>Cookie de WordPress para un usuario conectado.<\/td>\n<\/tr>\n<tr>\n<td>T\u00e9cnicas<\/td>\n<td>Propia<\/td>\n<td>wp-wpml_current_language<\/td>\n<td>Propia<\/td>\n<td>1 a\u00f1o<\/td>\n<td>Permite recordar el idioma del usuario de la interfaz WordPress.<\/td>\n<\/tr>\n<tr>\n<td>T\u00e9cnicas<\/td>\n<td>Propia<\/td>\n<td>CookieConsent<\/td>\n<td>Propia<\/td>\n<td>1 a\u00f1o<\/td>\n<td>Guarda el valor de la aceptaci\u00f3n del cartel de cookies.<\/td>\n<\/tr>\n<tr>\n<td>T\u00e9cnicas<\/td>\n<td>Propia<\/td>\n<td>dateExpireCookie<\/td>\n<td>Propia<\/td>\n<td>1 a\u00f1o<\/td>\n<td>Guarda la fecha de expiraci\u00f3n de la cookie del cartel de cookies.<\/td>\n<\/tr>\n<tr>\n<td>T\u00e9cnicas<\/td>\n<td>Propia<\/td>\n<td>country-language-selection<\/td>\n<td>Propia<\/td>\n<td>1 mes<\/td>\n<td>Guarda el idioma y el pa\u00eds seleccionado por el usuario.<\/td>\n<\/tr>\n<tr>\n<td>T\u00e9cnicas<\/td>\n<td>doubleclick.net<\/td>\n<td>IDE<\/td>\n<td>Terceros<\/td>\n<td>1 a\u00f1o<\/td>\n<td>Se utiliza para focalizaci\u00f3n, optimizaci\u00f3n, presentaci\u00f3n de informes y asignaci\u00f3n de avisos online.<br \/>\nImplementada por Youtube<\/td>\n<\/tr>\n<tr>\n<td>T\u00e9cnicas<\/td>\n<td>YOUTUBE<\/td>\n<td>LOGIN_INFO<\/td>\n<td>Terceros<\/td>\n<td>2 a\u00f1os<\/td>\n<td>Mantiene la sesi\u00f3n activa con su cuenta, con el prop\u00f3sito de visualizar los v\u00eddeos incrustados, estimar el<br \/>\nancho de banda y mostrar cuantas veces se ha reproducido.<\/td>\n<\/tr>\n<tr>\n<td>T\u00e9cnicas<\/td>\n<td>YOUTUBE<\/td>\n<td>VISITOR_INFO1_LIVE<\/td>\n<td>Terceros<\/td>\n<td>240 d\u00edas<\/td>\n<td>Contiene un identificador \u00fanico para permitir el control de visitas a videos de YouTube.<\/td>\n<\/tr>\n<tr>\n<td>T\u00e9cnicas<\/td>\n<td>YOUTUBE<\/td>\n<td>YSC<\/td>\n<td>Terceros<\/td>\n<td>Fin de la sesi\u00f3n del navegador.<\/td>\n<td>Almacena las preferencias de configuraci\u00f3n, tales como idioma preferido, n\u00famero de resultados de b\u00fasqueda<br \/>\nmostrados por p\u00e1gina o activaci\u00f3n filtro SafeSearch de Google.<\/td>\n<\/tr>\n<tr>\n<td>T\u00e9cnicas<\/td>\n<td>YOUTUBE<\/td>\n<td>__Secure-3PAPISID,<br \/>\n__Secure-3PSID<\/td>\n<td>Terceros<\/td>\n<td>2 a\u00f1os<\/td>\n<td>Se utiliza con fines de segmentaci\u00f3n para crear un perfil de los intereses del visitante del sitio web con el<br \/>\nfin de mostrar publicidad relevante y personalizada de Google.<\/td>\n<\/tr>\n<tr>\n<td>T\u00e9cnicas<\/td>\n<td>YOUTUBE<\/td>\n<td>__Secure-3PSIDCC<\/td>\n<td>Terceros<\/td>\n<td>1 a\u00f1o<\/td>\n<td>Se utiliza con fines de segmentaci\u00f3n para crear un perfil de los intereses del visitante del sitio web con el<br \/>\nfin de mostrar publicidad relevante y personalizada de Google.<\/td>\n<\/tr>\n<p><!-- tr>\n\n\n<td>Anal\u00edticas<\/td>\n\n\n\n\n<td>GOOGLE<\/td>\n\n\n\n\n<td>_ga<\/td>\n\n\n\n\n<td>Terceros<\/td>\n\n\n\n\n<td>2 a\u00f1os<\/td>\n\n\n\n\n<td>Ofrecer estad\u00edsticas de uso de los sitios web. Tambi\u00e9n se pueden utilizar junto con algunas de las cookies\npublicitarias descritas anteriormente para mostrar anuncios m\u00e1s relevantes en las\npropiedades de Google.<\/td>\n\n\n<\/tr>\n\n\n\n\n<tr>\n\n\n<td>Anal\u00edticas<\/td>\n\n\n\n\n<td>GOOGLE<\/td>\n\n\n\n\n<td>_gid<\/td>\n\n\n\n\n<td>Terceros<\/td>\n\n\n\n\n<td>23 horas<\/td>\n\n\n\n\n<td>Registra una identificaci\u00f3n \u00fanica que se utiliza para generar datos estad\u00edsticos sobre c\u00f3mo el visitante\nutiliza el sitio web.<\/td>\n\n\n<\/tr>\n\n\n\n\n<tr>\n\n\n<td>Anal\u00edticas<\/td>\n\n\n\n\n<td>GOOGLE<\/td>\n\n\n\n\n<td>_gat<\/td>\n\n\n\n\n<td>Terceros<\/td>\n\n\n\n\n<td>1 minuto<\/td>\n\n\n\n\n<td>Se usa para limitar el porcentaje de solicitudes. Si\nse ha implementado Google Analytics mediante Google Tag Manager, esta cookie se llamar\u00e1\n_dc_gtm_.<\/td>\n\n\n<\/tr --><\/tbody>\n<\/table>\n\n\n\n\n<p><strong>PANEL DE CONFIGURACI\u00d3N DE COOKIES<\/strong><\/p>\n\n\n\n<p>Desde este panel puede configurar las cookies que el sitio web puede instalar en su navegador, excepto las cookies t\u00e9cnicas o funcionales que son necesarias para la navegaci\u00f3n y la utilizaci\u00f3n de las diferentes opciones o servicios que se ofrecen.<\/p>\n\n\n\n<p id=\"ajustes_cookies_2\">Acceso al panel<\/p>\n\n\n\n<p>Si desea recibir informaci\u00f3n adicional sobre la actividad de las empresas de publicidad en Internet y sobre c\u00f3mo eliminar sus datos de los registros de estas empresas, le recomendamos que visite <a href=\"http:\/\/www.networkadvertising.org\/\">www.networkadvertising.org<\/a>.<\/p>\n\n\n\n<p>Usted puede configurar su navegador para que le informe previamente de la posible instalaci\u00f3n \u2022 instalaci\u00f3n de cookies. Tambi\u00e9n, podr\u00e1 optar por que se eliminen de forma autom\u00e1tica una vez cierre el navegador, equipo o dispositivo. Puede encontrar informaci\u00f3n sobre c\u00f3mo hacerlo en:<\/p>\n\n\n\n<ul><li>Para Firefox.<\/li><li>Per a Chrome.<\/li><li>Para Explorer.<\/li><li>Per a Safari.<\/li><li>Para Safari para IOS.<\/li><li>Para Opera.<\/li><\/ul>\n","protected":false},"excerpt":{"rendered":"<p>Las cookies son un peque\u00f1o archivo de texto que se instalan los equipos desde los que se accede a nuestro sitio web. Pueden guardar la identificaci\u00f3n del usuario que visita la web y los contenidos por los que navega. Cuando un usuario (usted, en este caso) nos vuelve a visitar, se leen las cookies para&hellip;&nbsp;<a href=\"https:\/\/www.silviapaneque.com\/parlament\/es\/politica-de-cookies\/\" class=\"\" rel=\"bookmark\">Leer m\u00e1s &raquo;<span class=\"screen-reader-text\">Pol\u00edtica de cookies<\/span><\/a><\/p>\n","protected":false},"author":1,"featured_media":0,"parent":0,"menu_order":0,"comment_status":"closed","ping_status":"closed","template":"","meta":{"neve_meta_sidebar":"full-width","neve_meta_container":"","neve_meta_enable_content_width":"on","neve_meta_content_width":100,"neve_meta_title_alignment":"","neve_meta_author_avatar":"","neve_post_elements_order":"","neve_meta_disable_header":"","neve_meta_disable_footer":"","neve_meta_disable_title":"","neve_meta_reading_time":""},"_links":{"self":[{"href":"https:\/\/www.silviapaneque.com\/parlament\/es\/wp-json\/wp\/v2\/pages\/399"}],"collection":[{"href":"https:\/\/www.silviapaneque.com\/parlament\/es\/wp-json\/wp\/v2\/pages"}],"about":[{"href":"https:\/\/www.silviapaneque.com\/parlament\/es\/wp-json\/wp\/v2\/types\/page"}],"author":[{"embeddable":true,"href":"https:\/\/www.silviapaneque.com\/parlament\/es\/wp-json\/wp\/v2\/users\/1"}],"replies":[{"embeddable":true,"href":"https:\/\/www.silviapaneque.com\/parlament\/es\/wp-json\/wp\/v2\/comments?post=399"}],"version-history":[{"count":5,"href":"https:\/\/www.silviapaneque.com\/parlament\/es\/wp-json\/wp\/v2\/pages\/399\/revisions"}],"predecessor-version":[{"id":412,"href":"https:\/\/www.silviapaneque.com\/parlament\/es\/wp-json\/wp\/v2\/pages\/399\/revisions\/412"}],"wp:attachment":[{"href":"https:\/\/www.silviapaneque.com\/parlament\/es\/wp-json\/wp\/v2\/media?parent=399"}],"curies":[{"name":"wp","href":"https:\/\/api.w.org\/{rel}","templated":true}]}}