{"id":340,"date":"2021-01-26T10:40:09","date_gmt":"2021-01-26T10:40:09","guid":{"rendered":"https:\/\/www.silviapaneque.com\/parlament\/silviapaneque\/"},"modified":"2021-01-29T11:10:30","modified_gmt":"2021-01-29T11:10:30","slug":"silviapaneque","status":"publish","type":"page","link":"https:\/\/www.silviapaneque.com\/parlament\/es\/silviapaneque\/","title":{"rendered":"Silvia Paneque"},"content":{"rendered":"\t\t<div data-elementor-type=\"wp-page\" data-elementor-id=\"340\" class=\"elementor elementor-340 elementor-43\" data-elementor-settings=\"[]\">\n\t\t\t\t\t\t<div class=\"elementor-inner\">\n\t\t\t\t\t\t\t<div class=\"elementor-section-wrap\">\n\t\t\t\t\t\t\t<section data-particle_enable=\"false\" data-particle-mobile-disabled=\"false\" class=\"elementor-section elementor-top-section elementor-element elementor-element-3584f55 elementor-section-boxed elementor-section-height-default elementor-section-height-default elementor-invisible\" data-id=\"3584f55\" data-element_type=\"section\" data-settings=\"{&quot;background_background&quot;:&quot;classic&quot;,&quot;animation&quot;:&quot;fadeInUp&quot;}\">\n\t\t\t\t\t\t<div class=\"elementor-container elementor-column-gap-default\">\n\t\t\t\t\t\t\t<div class=\"elementor-row\">\n\t\t\t\t\t<div class=\"elementor-column elementor-col-100 elementor-top-column elementor-element elementor-element-d64bf16\" data-id=\"d64bf16\" data-element_type=\"column\">\n\t\t\t<div class=\"elementor-column-wrap elementor-element-populated\">\n\t\t\t\t\t\t\t<div class=\"elementor-widget-wrap\">\n\t\t\t\t\t\t<div class=\"elementor-element elementor-element-f7a2c69 elementor-widget elementor-widget-image\" data-id=\"f7a2c69\" data-element_type=\"widget\" data-widget_type=\"image.default\">\n\t\t\t\t<div class=\"elementor-widget-container\">\n\t\t\t\t\t<div class=\"elementor-image\">\n\t\t\t\t\t\t\t\t\t\t<img width=\"1024\" height=\"576\" src=\"https:\/\/www.silviapaneque.com\/parlament\/wp-content\/uploads\/2021\/01\/Silvia_cv-1024x576.jpg\" class=\"attachment-large size-large\" alt=\"\" loading=\"lazy\" srcset=\"https:\/\/www.silviapaneque.com\/parlament\/wp-content\/uploads\/2021\/01\/Silvia_cv-1024x576.jpg 1024w, https:\/\/www.silviapaneque.com\/parlament\/wp-content\/uploads\/2021\/01\/Silvia_cv-300x169.jpg 300w, https:\/\/www.silviapaneque.com\/parlament\/wp-content\/uploads\/2021\/01\/Silvia_cv-768x432.jpg 768w, https:\/\/www.silviapaneque.com\/parlament\/wp-content\/uploads\/2021\/01\/Silvia_cv-1536x864.jpg 1536w, https:\/\/www.silviapaneque.com\/parlament\/wp-content\/uploads\/2021\/01\/Silvia_cv.jpg 2000w\" sizes=\"(max-width: 1024px) 100vw, 1024px\" \/>\t\t\t\t\t\t\t\t\t\t\t<\/div>\n\t\t\t\t<\/div>\n\t\t\t\t<\/div>\n\t\t\t\t<div class=\"elementor-element elementor-element-422a07b elementor-widget elementor-widget-text-editor\" data-id=\"422a07b\" data-element_type=\"widget\" data-widget_type=\"text-editor.default\">\n\t\t\t\t<div class=\"elementor-widget-container\">\n\t\t\t\t\t<div class=\"elementor-text-editor elementor-clearfix\"><div class=\"uk-margin\"><div class=\"de-textblock-wrapper uk-scrollspy-inview uk-animation-slide-bottom-medium\" data-uk-scrollspy=\"cls:uk-animation-slide-bottom-medium;\"><p>Me llamo <strong>S\u00edlvia Paneque<\/strong>. Soy optimista por naturaleza. Tengo cuarenta y siete a\u00f1os. Escucho a menudo a S\u00edlvia P\u00e9rez Cruz. Tengo tres hijos; Ra\u00fcl de 19 a\u00f1os, Carme de 16 y\u00a0 Tino de 10. Me gusta el color lila. Me licenci\u00e9 en Ciencias Qu\u00edmicas en la Universidad de Girona. Soy gerundense de elecci\u00f3n. Mantengo la confianza en la naturaleza humana. Regidora del Ayuntamiento de Girona y Portavoz del grupo municipal del PSC.<\/p><\/div><\/div><\/div>\n\t\t\t\t<\/div>\n\t\t\t\t<\/div>\n\t\t\t\t\t\t<\/div>\n\t\t\t\t\t<\/div>\n\t\t<\/div>\n\t\t\t\t\t\t\t\t<\/div>\n\t\t\t\t\t<\/div>\n\t\t<\/section>\n\t\t\t\t<section data-particle_enable=\"false\" data-particle-mobile-disabled=\"false\" class=\"elementor-section elementor-top-section elementor-element elementor-element-ca7e8f1 elementor-section-boxed elementor-section-height-default elementor-section-height-default elementor-invisible\" data-id=\"ca7e8f1\" data-element_type=\"section\" data-settings=\"{&quot;animation&quot;:&quot;slideInUp&quot;,&quot;background_background&quot;:&quot;classic&quot;}\">\n\t\t\t\t\t\t\t<div class=\"elementor-background-overlay\"><\/div>\n\t\t\t\t\t\t\t<div class=\"elementor-container elementor-column-gap-default\">\n\t\t\t\t\t\t\t<div class=\"elementor-row\">\n\t\t\t\t\t<div class=\"elementor-column elementor-col-100 elementor-top-column elementor-element elementor-element-46f0767\" data-id=\"46f0767\" data-element_type=\"column\">\n\t\t\t<div class=\"elementor-column-wrap elementor-element-populated\">\n\t\t\t\t\t\t\t<div class=\"elementor-widget-wrap\">\n\t\t\t\t\t\t<div class=\"elementor-element elementor-element-3d79585 elementor-align-center elementor-invisible elementor-widget elementor-widget-button\" data-id=\"3d79585\" data-element_type=\"widget\" data-settings=\"{&quot;_animation&quot;:&quot;fadeInUp&quot;,&quot;_animation_delay&quot;:200}\" data-widget_type=\"button.default\">\n\t\t\t\t<div class=\"elementor-widget-container\">\n\t\t\t\t\t<div class=\"elementor-button-wrapper\">\n\t\t\t<a href=\"http:\/\/silviapaneque.com\/\" class=\"elementor-button-link elementor-button elementor-size-sm\" role=\"button\">\n\t\t\t\t\t\t<span class=\"elementor-button-content-wrapper\">\n\t\t\t\t\t\t<span class=\"elementor-button-text\">Descubre m\u00e1s informaci\u00f3n <\/span>\n\t\t<\/span>\n\t\t\t\t\t<\/a>\n\t\t<\/div>\n\t\t\t\t<\/div>\n\t\t\t\t<\/div>\n\t\t\t\t\t\t<\/div>\n\t\t\t\t\t<\/div>\n\t\t<\/div>\n\t\t\t\t\t\t\t\t<\/div>\n\t\t\t\t\t<\/div>\n\t\t<\/section>\n\t\t\t\t\t\t<\/div>\n\t\t\t\t\t\t<\/div>\n\t\t\t\t\t<\/div>\n\t\t","protected":false},"excerpt":{"rendered":"<p>Me llamo S\u00edlvia Paneque. Soy optimista por naturaleza. Tengo cuarenta y siete a\u00f1os. Escucho a menudo a S\u00edlvia P\u00e9rez Cruz. Tengo tres hijos; Ra\u00fcl de 19 a\u00f1os, Carme de 16 y\u00a0 Tino de 10. Me gusta el color lila. Me licenci\u00e9 en Ciencias Qu\u00edmicas en la Universidad de Girona. Soy gerundense de elecci\u00f3n. Mantengo la&hellip;&nbsp;<a href=\"https:\/\/www.silviapaneque.com\/parlament\/es\/silviapaneque\/\" class=\"\" rel=\"bookmark\">Leer m\u00e1s &raquo;<span class=\"screen-reader-text\">Silvia Paneque<\/span><\/a><\/p>\n","protected":false},"author":1,"featured_media":0,"parent":0,"menu_order":0,"comment_status":"closed","ping_status":"closed","template":"elementor_header_footer","meta":{"neve_meta_sidebar":"","neve_meta_container":"","neve_meta_enable_content_width":"","neve_meta_content_width":0,"neve_meta_title_alignment":"","neve_meta_author_avatar":"","neve_post_elements_order":"","neve_meta_disable_header":"","neve_meta_disable_footer":"","neve_meta_disable_title":"","neve_meta_reading_time":""},"_links":{"self":[{"href":"https:\/\/www.silviapaneque.com\/parlament\/es\/wp-json\/wp\/v2\/pages\/340"}],"collection":[{"href":"https:\/\/www.silviapaneque.com\/parlament\/es\/wp-json\/wp\/v2\/pages"}],"about":[{"href":"https:\/\/www.silviapaneque.com\/parlament\/es\/wp-json\/wp\/v2\/types\/page"}],"author":[{"embeddable":true,"href":"https:\/\/www.silviapaneque.com\/parlament\/es\/wp-json\/wp\/v2\/users\/1"}],"replies":[{"embeddable":true,"href":"https:\/\/www.silviapaneque.com\/parlament\/es\/wp-json\/wp\/v2\/comments?post=340"}],"version-history":[{"count":3,"href":"https:\/\/www.silviapaneque.com\/parlament\/es\/wp-json\/wp\/v2\/pages\/340\/revisions"}],"predecessor-version":[{"id":345,"href":"https:\/\/www.silviapaneque.com\/parlament\/es\/wp-json\/wp\/v2\/pages\/340\/revisions\/345"}],"wp:attachment":[{"href":"https:\/\/www.silviapaneque.com\/parlament\/es\/wp-json\/wp\/v2\/media?parent=340"}],"curies":[{"name":"wp","href":"https:\/\/api.w.org\/{rel}","templated":true}]}}